{"id":1050,"date":"2021-01-07T13:53:04","date_gmt":"2021-01-07T13:53:04","guid":{"rendered":"https:\/\/varietad.ch\/?page_id=1050"},"modified":"2025-04-19T08:52:10","modified_gmt":"2025-04-19T08:52:10","slug":"ueber-mich","status":"publish","type":"page","link":"https:\/\/varietad.ch\/index.php\/ueber-mich\/","title":{"rendered":"\u00dcber uns"},"content":{"rendered":"<h2 style=\"text-align: center;\"><span style=\"vertical-align: inherit; color: #003366;\"><span style=\"vertical-align: inherit;\"><strong><span style=\"vertical-align: inherit;\"><span style=\"vertical-align: inherit;\"><span style=\"vertical-align: inherit;\"><span style=\"vertical-align: inherit;\">Vielfalt &#8211; Varietad,<br \/>\n<\/span><\/span><\/span><\/span><\/strong><\/span><\/span><span style=\"color: #003366;\">ist TATsache,<\/span><br \/>\n<span style=\"vertical-align: inherit; color: #003366;\"><span style=\"vertical-align: inherit;\"><span style=\"vertical-align: inherit;\"><span style=\"vertical-align: inherit;\"><span style=\"vertical-align: inherit;\"><span style=\"vertical-align: inherit;\"> macht das (Zusammen-)Leben<br \/>\nspannend, interessant, vielf\u00e4ltig<\/span><\/span><\/span><\/span><\/span><\/span><\/h2>\n<p>&nbsp;<\/p>\n<h3 style=\"text-align: left;\"><strong style=\"text-align: center;\"><span style=\"vertical-align: inherit; color: #003366;\"><span style=\"vertical-align: inherit;\">Sandra Kamm Jehli\u00a0<\/span><\/span><\/strong><\/h3>\n<p><a href=\"mailto:sandra@varietad.ch\"><img loading=\"lazy\" decoding=\"async\" class=\"alignleft wp-image-729\" src=\"https:\/\/varietad.ch\/wp-content\/uploads\/2020\/11\/6E41B06B-ECAE-4C8D-9021-1C07FDB51F37-279x300.jpeg\" alt=\"\" width=\"141\" height=\"152\" srcset=\"https:\/\/varietad.ch\/wp-content\/uploads\/2020\/11\/6E41B06B-ECAE-4C8D-9021-1C07FDB51F37-279x300.jpeg 279w, https:\/\/varietad.ch\/wp-content\/uploads\/2020\/11\/6E41B06B-ECAE-4C8D-9021-1C07FDB51F37-700x754.jpeg 700w, https:\/\/varietad.ch\/wp-content\/uploads\/2020\/11\/6E41B06B-ECAE-4C8D-9021-1C07FDB51F37-768x827.jpeg 768w, https:\/\/varietad.ch\/wp-content\/uploads\/2020\/11\/6E41B06B-ECAE-4C8D-9021-1C07FDB51F37-1427x1536.jpeg 1427w, https:\/\/varietad.ch\/wp-content\/uploads\/2020\/11\/6E41B06B-ECAE-4C8D-9021-1C07FDB51F37-1903x2048.jpeg 1903w\" sizes=\"(max-width: 141px) 100vw, 141px\" \/><\/a><\/p>\n<p style=\"text-align: left;\"><span style=\"vertical-align: inherit; color: #003366;\"><span style=\"vertical-align: inherit;\">Die verschiedenen Bausteine \u200b\u200bder Begabungs- und Begabtenf\u00f6rderungen, Lernen in altersdurchmischten Lerngruppen, forschend-entdeckendes Lernen in verschiedenen Lernumgebungen, inklusive Didaktik, Zusammenarbeit in multiprofessionellen Teams, innere Differenzierung auch in den \u00fcberfachlichen Kompetenzen und die mehrdimensionelle Sicht auf die Neurodiversit\u00e4t, das Autismus-Spektrum, Partizipation und Inklusion bilden das Fundament meiner Arbeit. Mein Menschenbild beruht auf humanistische, beziehungsorientierte, systemische und konstruktivistische Ans\u00e4tze.<\/span><\/span><\/p>\n<p style=\"text-align: left;\"><span style=\"vertical-align: inherit; color: #003366;\"><span style=\"vertical-align: inherit;\">Weiterbildungen f\u00fcr Schulen und Institutionen werden nach Ihren Bed\u00fcrfnissen ausgearbeitet.<\/span><\/span><br \/>\n<span style=\"vertical-align: inherit; color: #003366;\"><span style=\"vertical-align: inherit;\">Beratungen und Begleitungen von Schulen, Betrieben und Dolmetscherdienste zwischen Schule &#8211; Eltern &#8211; Kind. Arbeitgeber und Arbeitnehmer sind kurz- oder l\u00e4ngerfristig m\u00f6glich.<br \/>\n<\/span><\/span><span style=\"color: #003366;\"><br \/>\n<a style=\"color: #003366;\" href=\"https:\/\/varietad.ch\/wp-content\/uploads\/2025\/04\/Lebenslauf-sandra@varietad.ch_.pdf\" target=\"_blank\" rel=\"noopener\"><strong><span style=\"vertical-align: inherit;\">beruflicher Hintergrund<\/span><\/strong><\/a><\/span><\/p>\n<hr \/>\n<h3 style=\"text-align: left;\"><strong style=\"text-align: center;\"><span style=\"vertical-align: inherit; color: #003366;\"><span style=\"vertical-align: inherit;\"><strong>Peter Jehli-Kamm<\/strong><\/span><\/span><\/strong><\/h3>\n<p><a href=\"mailto:peter@varietad.ch\"><img loading=\"lazy\" decoding=\"async\" class=\"alignnone wp-image-1599 alignleft\" src=\"https:\/\/varietad.ch\/wp-content\/uploads\/2022\/09\/IMG_2257-217x300.jpg\" alt=\"\" width=\"110\" height=\"152\" srcset=\"https:\/\/varietad.ch\/wp-content\/uploads\/2022\/09\/IMG_2257-217x300.jpg 217w, https:\/\/varietad.ch\/wp-content\/uploads\/2022\/09\/IMG_2257-700x968.jpg 700w, https:\/\/varietad.ch\/wp-content\/uploads\/2022\/09\/IMG_2257-768x1062.jpg 768w, https:\/\/varietad.ch\/wp-content\/uploads\/2022\/09\/IMG_2257-1111x1536.jpg 1111w, https:\/\/varietad.ch\/wp-content\/uploads\/2022\/09\/IMG_2257-1481x2048.jpg 1481w, https:\/\/varietad.ch\/wp-content\/uploads\/2022\/09\/IMG_2257.jpg 1651w\" sizes=\"(max-width: 110px) 100vw, 110px\" \/><\/a><\/p>\n<p style=\"text-align: left;\"><span style=\"vertical-align: inherit; color: #003366;\">Ich begleite Jugendliche und Erwachsene in der Berufs- und Schulwahl sowie in der Umsetzung des eigenen beruflichen Wegs, coache in der Lehrstellensuche und bilde auch w\u00e4hrend der Ausbildung das Sprachrohr gegen\u00fcber Schulen und Ausbildungsbetrieben, Arbeitgeber und Arbeitnehmer. So sollen individuelle F\u00e4higkeiten Entfaltung finden und unter Einbezug aller Beteiligten konkrete Handlungsweisen im Ausbildungs- und Arbeitsalltag erarbeitet und umgesetzt werden, wo solche angezeigt sind.<\/span><\/p>\n<p style=\"text-align: left;\"><a href=\"https:\/\/varietad.ch\/wp-content\/uploads\/2022\/09\/beruflicherwerdegangjehli.pdf\" target=\"_blank\" rel=\"noopener\"><span style=\"color: #003366;\"><strong><span style=\"vertical-align: inherit;\">beruflicher Hintergrund<\/span><\/strong><\/span><\/a><\/p>\n<h3 style=\"text-align: center;\"><span style=\"color: #003366;\"><strong><span style=\"vertical-align: inherit;\">\u00a0<\/span><\/strong><\/span><span style=\"vertical-align: inherit; color: #003366;\"><span style=\"vertical-align: inherit;\">Gerne teilen wir unser Wissen und unsere Erfahrungen mit Ihnen und denken kreativ, systemisch, pragmatisch, aufbauend auf einem humanistischen Menschenbild, mit Ihnen an Ihren Ideen und Konzepten weiter und begleiten Sie ein St\u00fcck weit auf Ihrem Weg.<\/span><\/span><\/h3>\n<p style=\"text-align: center;\"><span style=\"color: #003366;\"><strong><span style=\"vertical-align: inherit;\">kontakt@varietad.ch<\/span><\/strong><\/span><\/p>\n<p>&nbsp;<\/p>\n<p>&nbsp;<\/p>\n<p><span style=\"color: #003366;\"><a style=\"color: #003366;\" href=\"https:\/\/www.linkedin.com\/company\/92449865\/admin\/feed\/posts\/\" target=\"_blank\" rel=\"noopener\">Linkedin Varietad KiG<\/a><\/span><\/p>\n<p><span style=\"color: #003366;\"><a style=\"color: #003366;\" href=\"https:\/\/www.linkedin.com\/in\/sandra-kamm-jehli-692506170\/\" target=\"_blank\" rel=\"noopener\">Linkedin Sandra Kamm Jehli<\/a><\/span><\/p>\n<p style=\"text-align: center;\">\n","protected":false},"excerpt":{"rendered":"<p>Vielfalt &#8211; Varietad, ist TATsache, macht das (Zusammen-)Leben spannend, interessant, vielf\u00e4ltig &nbsp; Sandra Kamm Jehli\u00a0 Die verschiedenen Bausteine \u200b\u200bder Begabungs- und Begabtenf\u00f6rderungen, Lernen in&#8230;<\/p>\n","protected":false},"author":1,"featured_media":0,"parent":0,"menu_order":0,"comment_status":"closed","ping_status":"closed","template":"","meta":{"footnotes":""},"_links":{"self":[{"href":"https:\/\/varietad.ch\/index.php\/wp-json\/wp\/v2\/pages\/1050"}],"collection":[{"href":"https:\/\/varietad.ch\/index.php\/wp-json\/wp\/v2\/pages"}],"about":[{"href":"https:\/\/varietad.ch\/index.php\/wp-json\/wp\/v2\/types\/page"}],"author":[{"embeddable":true,"href":"https:\/\/varietad.ch\/index.php\/wp-json\/wp\/v2\/users\/1"}],"replies":[{"embeddable":true,"href":"https:\/\/varietad.ch\/index.php\/wp-json\/wp\/v2\/comments?post=1050"}],"version-history":[{"count":39,"href":"https:\/\/varietad.ch\/index.php\/wp-json\/wp\/v2\/pages\/1050\/revisions"}],"predecessor-version":[{"id":1773,"href":"https:\/\/varietad.ch\/index.php\/wp-json\/wp\/v2\/pages\/1050\/revisions\/1773"}],"wp:attachment":[{"href":"https:\/\/varietad.ch\/index.php\/wp-json\/wp\/v2\/media?parent=1050"}],"curies":[{"name":"wp","href":"https:\/\/api.w.org\/{rel}","templated":true}]}}