{"id":1052,"date":"2021-01-07T13:55:29","date_gmt":"2021-01-07T13:55:29","guid":{"rendered":"https:\/\/varietad.ch\/?page_id=1052"},"modified":"2025-01-02T15:01:05","modified_gmt":"2025-01-02T15:01:05","slug":"vielfaeltiges","status":"publish","type":"page","link":"https:\/\/varietad.ch\/index.php\/vielfaeltiges\/","title":{"rendered":"Vielf\u00e4ltiges"},"content":{"rendered":"<p><span style=\"color: #003366;\"><strong>Links zu den Padlets:<\/strong><br \/>\n<strong><a style=\"color: #003366;\" href=\"https:\/\/padlet.com\/sandra_kamm\/tqyli7ppmvyg\" target=\"_blank\" rel=\"noopener\">Info- Padlet zum Thema Autismus-Spektrum allgemein und Schule\/Arbeit<\/a><\/strong><\/span><\/p>\n<p><span style=\"color: #003366;\"><strong><a style=\"color: #003366;\" href=\"https:\/\/padlet.com\/sandra_kamm\/ogd96nx9zccc\" target=\"_blank\" rel=\"noopener noreferrer\">Wissenswertes f\u00fcr Eltern rund um das Autismus-Spektrum und die Diagnose<\/a><\/strong><\/span><\/p>\n<p><span style=\"color: #003366;\"><strong><a style=\"color: #003366;\" href=\"https:\/\/padlet.com\/sandra_kamm\/xiesuvgo3r3laf93\" target=\"_blank\" rel=\"noopener noreferrer\">Informationen \u00fcber Autismus-Spektrum f\u00fcr Mitsch\u00fcler \/ innen und ihre Eltern<\/a><\/strong><\/span><\/p>\n<p><span style=\"color: #003366;\"><strong><br \/>\nLinks zu Webseiten:<\/strong><br \/>\nDie <strong><a style=\"color: #003366;\" href=\"http:\/\/blogs.phsg.ch\/begabungsfoerderung\/\" target=\"_blank\" rel=\"noopener noreferrer\">digitale Plattform Begabungs- und Begabtenf\u00f6rderung <\/a><\/strong>des Kantons St. Gallen ist in der Zusammenarbeit zwischen der P\u00e4dagogischen Hochschule (PHSG) und dem Bildungsdepartement des Kantons St. Gallen.<\/span><\/p>\n<p><span style=\"color: #003366;\"><strong><a style=\"color: #003366;\" href=\"http:\/\/asperger.clementjones.ch\/\" rel=\"home\">Asperger-Autismus \u2013 Ein Kind erkl\u00e4rt seinen Asperger<\/a> <\/strong>Blog von Cl\u00e9ment Jones\u00a0<\/span><\/p>\n<p><span style=\"color: #003366;\"><strong><a style=\"color: #003366;\" href=\"https:\/\/www.autismusbegleitung.ch\/?fbclid=IwAR3OkiXBl75QtZP23YWw5l7BkJU3Dd_C05BW-BePFM49TvOKW21kUGVJB_A\" target=\"_blank\" rel=\"noopener\">A<span style=\"color: #003366;\">utismusbegleitung Andrea Kohler-Schenk <\/span><\/a><\/strong>Beratung f\u00fcr Kinder, Eltern und Fachpersonen, Raum Sarganserland<br \/>\n<\/span><\/p>\n<p><span style=\"color: #003366;\"><strong><a style=\"color: #003366;\" href=\"http:\/\/www.artcoaching-berweger.ch\" target=\"_blank\" rel=\"noopener\">Artcoaching Berweger<\/a> <\/strong>individuelle Lernwege im Bereich Begabungs-und Begabtenf\u00f6rderung, Raum Z\u00fcrich<\/span><\/p>\n<p><span style=\"color: #003366;\"><a style=\"color: #003366;\" href=\"https:\/\/autismusnetzost.ch\/?fbclid=IwAR2PPBUr27fJz7BcdwfSU71t8OTh2yBsKqciZhyfMLGHDZh1VfAH_-aZMyM\" target=\"_blank\" rel=\"noopener\"><strong>Autismus Netz Ost<\/strong><\/a> Plattform f\u00fcr Fach-und Anlaufstellen in der Ostschweiz<\/span><\/p>\n<p><span style=\"color: #003366;\"><strong><a style=\"color: #003366;\" href=\"https:\/\/www.autismus.ch\/\" target=\"_blank\" rel=\"noopener\">Autismus Schweiz<\/a><\/strong><\/span><\/p>\n<p><span style=\"color: #003366;\"><a style=\"color: #003366;\" href=\"https:\/\/workaut.ch\/Home\/\" target=\"_blank\" rel=\"noopener\"><b>workaut <\/b><\/a>Begleitung von Menschen im Autismus-Spektrum, ihren Angeh\u00f6rigen und Begleitpersonen im Raum Ostschweiz<\/span><\/p>\n<p><strong><a style=\"color: #003366;\" href=\"https:\/\/autismushilfe.ch\/\" target=\"_blank\" rel=\"noopener\">Autismus Ost<\/a><\/strong><\/p>\n<p><span style=\"color: #003366;\"><strong><a style=\"color: #003366;\" href=\"https:\/\/autismusverlag.ch\/\" target=\"_blank\" rel=\"noopener\">Autismus Verlag St. Gallen<\/a><\/strong><\/span><\/p>\n<p><span style=\"color: #003366;\"><strong><a style=\"color: #003366;\" href=\"https:\/\/www.kirjaverlag.ch\/\" target=\"_blank\" rel=\"noopener\">kirja Verlag<\/a><\/strong><\/span><\/p>\n","protected":false},"excerpt":{"rendered":"<p>Links zu den Padlets: Info- Padlet zum Thema Autismus-Spektrum allgemein und Schule\/Arbeit Wissenswertes f\u00fcr Eltern rund um das Autismus-Spektrum und die Diagnose Informationen \u00fcber&#8230;<\/p>\n","protected":false},"author":1,"featured_media":0,"parent":0,"menu_order":0,"comment_status":"closed","ping_status":"closed","template":"","meta":{"footnotes":""},"_links":{"self":[{"href":"https:\/\/varietad.ch\/index.php\/wp-json\/wp\/v2\/pages\/1052"}],"collection":[{"href":"https:\/\/varietad.ch\/index.php\/wp-json\/wp\/v2\/pages"}],"about":[{"href":"https:\/\/varietad.ch\/index.php\/wp-json\/wp\/v2\/types\/page"}],"author":[{"embeddable":true,"href":"https:\/\/varietad.ch\/index.php\/wp-json\/wp\/v2\/users\/1"}],"replies":[{"embeddable":true,"href":"https:\/\/varietad.ch\/index.php\/wp-json\/wp\/v2\/comments?post=1052"}],"version-history":[{"count":34,"href":"https:\/\/varietad.ch\/index.php\/wp-json\/wp\/v2\/pages\/1052\/revisions"}],"predecessor-version":[{"id":1762,"href":"https:\/\/varietad.ch\/index.php\/wp-json\/wp\/v2\/pages\/1052\/revisions\/1762"}],"wp:attachment":[{"href":"https:\/\/varietad.ch\/index.php\/wp-json\/wp\/v2\/media?parent=1052"}],"curies":[{"name":"wp","href":"https:\/\/api.w.org\/{rel}","templated":true}]}}